{"id":480,"date":"2022-09-20T12:44:30","date_gmt":"2022-09-20T12:44:30","guid":{"rendered":"https:\/\/margapoticomunicazione.it\/?page_id=480"},"modified":"2024-03-22T17:26:02","modified_gmt":"2024-03-22T17:26:02","slug":"eventi","status":"publish","type":"page","link":"https:\/\/simonamargapotilab.it\/index.php\/eventi\/","title":{"rendered":"Eventi"},"content":{"rendered":"<p>[et_pb_section fb_built=&#8221;1&#8243; fullwidth=&#8221;on&#8221; _builder_version=&#8221;4.17.6&#8243; _module_preset=&#8221;default&#8221; custom_margin=&#8221;-10px||||false|false&#8221; custom_padding=&#8221;0px||||false|false&#8221; collapsed=&#8221;on&#8221; global_colors_info=&#8221;{}&#8221;][et_pb_fullwidth_header title=&#8221;EVENTI&#8221; background_overlay_color=&#8221;rgba(206,131,26,0.2)&#8221; _builder_version=&#8221;4.17.6&#8243; _module_preset=&#8221;default&#8221; title_font=&#8221;|600|||||||&#8221; title_text_align=&#8221;left&#8221; title_text_color=&#8221;#ffffff&#8221; title_font_size=&#8221;70px&#8221; title_letter_spacing=&#8221;1px&#8221; background_enable_color=&#8221;off&#8221; background_image=&#8221;https:\/\/margapoticomunicazione.it\/wp-content\/uploads\/2022\/09\/eventi-copia.jpeg&#8221; custom_padding=&#8221;210px||246px|||&#8221; title_font_size_tablet=&#8221;70px&#8221; title_font_size_phone=&#8221;42px&#8221; title_font_size_last_edited=&#8221;on|phone&#8221; global_colors_info=&#8221;{}&#8221;][\/et_pb_fullwidth_header][\/et_pb_section][et_pb_section fb_built=&#8221;1&#8243; fullwidth=&#8221;on&#8221; prev_background_color=&#8221;#ffffff&#8221; _builder_version=&#8221;4.17.6&#8243; _module_preset=&#8221;default&#8221; background_enable_color=&#8221;off&#8221; use_background_color_gradient=&#8221;on&#8221; background_color_gradient_type=&#8221;elliptical&#8221; background_color_gradient_stops=&#8221;#ef2fdf 0%|#fc76d8 98%&#8221; transform_rotate=&#8221;0deg|0deg|180deg&#8221; custom_margin=&#8221;-15px||15px|||&#8221; custom_padding=&#8221;0px||18px|||&#8221; top_divider_style=&#8221;arrow3&#8243; top_divider_height=&#8221;57px&#8221; top_divider_repeat=&#8221;1x&#8221; collapsed=&#8221;on&#8221; global_colors_info=&#8221;{}&#8221;][\/et_pb_section][et_pb_section fb_built=&#8221;1&#8243; admin_label=&#8221;Categories&#8221; _builder_version=&#8221;4.17.6&#8243; background_enable_color=&#8221;off&#8221; background_enable_pattern_style=&#8221;on&#8221; background_pattern_style=&#8221;tufted&#8221; background_enable_mask_style=&#8221;on&#8221; min_height=&#8221;768.9px&#8221; custom_margin=&#8221;1px||0px|||&#8221; custom_padding=&#8221;13px||13px||true|&#8221; collapsed=&#8221;off&#8221; global_colors_info=&#8221;{}&#8221;][et_pb_row _builder_version=&#8221;4.17.6&#8243; _module_preset=&#8221;default&#8221; custom_padding=&#8221;8px||16px|||&#8221; global_colors_info=&#8221;{}&#8221;][et_pb_column type=&#8221;4_4&#8243; _builder_version=&#8221;4.17.6&#8243; _module_preset=&#8221;default&#8221; global_colors_info=&#8221;{}&#8221;][et_pb_text _builder_version=&#8221;4.19.5&#8243; _module_preset=&#8221;default&#8221; header_font_size=&#8221;45px&#8221; custom_margin=&#8221;||3px|||&#8221; custom_padding=&#8221;30px||5px|||&#8221; hover_enabled=&#8221;0&#8243; global_colors_info=&#8221;{}&#8221; sticky_enabled=&#8221;0&#8243;]<\/p>\n<h1 style=\"text-align: center;\"><em><span style=\"color: #808080;\">Organizzazione di eventi originali e creativi<\/span> <span class=\"Apple-converted-space\">\u00a0<\/span><\/em><\/h1>\n<p>[\/et_pb_text][\/et_pb_column][\/et_pb_row][et_pb_row column_structure=&#8221;3_5,2_5&#8243; _builder_version=&#8221;4.16&#8243; custom_margin=&#8221;4px|auto|-1px|auto||&#8221; custom_padding=&#8221;25px||69px|||&#8221; locked=&#8221;off&#8221; global_colors_info=&#8221;{}&#8221;][et_pb_column type=&#8221;3_5&#8243; _builder_version=&#8221;4.16&#8243; global_colors_info=&#8221;{}&#8221;][et_pb_text admin_label=&#8221;Testo&#8221; _builder_version=&#8221;4.19.5&#8243; _module_preset=&#8221;default&#8221; header_font_size=&#8221;45px&#8221; custom_margin=&#8221;||3px|||&#8221; custom_padding=&#8221;||5px|||&#8221; hover_enabled=&#8221;0&#8243; global_colors_info=&#8221;{}&#8221; sticky_enabled=&#8221;0&#8243;]<\/p>\n<p><span style=\"color: #808080;\">Benvenuti nella cornice di eventi creativi, dove l&#8217;arte e la creativit\u00e0 si fondono per ispirare momenti indimenticabili. SMLAB \u00e8 il vostro partner ideale per un&#8217;esperienza unica, offrendo una gamma diversificata di eventi creativi che spaziano dai team building artistici ai workshop e laboratori creativi, fino a eventi benefici e privati.<\/span><\/p>\n<p><span style=\"color: #808080;\">Nel cuore di ogni iniziativa c&#8217;\u00e8 la passione per l&#8217;arte e il desiderio di creare connessioni significative attraverso l&#8217;espressione creativa. Sia che siate un team aziendale in cerca di ispirazione, un gruppo di amici desiderosi di scoprire nuove abilit\u00e0 o un&#8217;organizzazione benefica alla ricerca di un modo coinvolgente per raggiungere i propri obiettivi, abbiamo l&#8217;evento perfetto per voi.<\/span><\/p>\n<p><span style=\"color: #808080;\">Ogni evento \u00e8 progettato con attenzione ai dettagli per garantire un&#8217;esperienza coinvolgente e memorabile. I workshop sono guidati da esperti nel settore, offrono non solo la possibilit\u00e0 di esplorare la vostra creativit\u00e0, ma anche di costruire legami pi\u00f9 forti all&#8217;interno del gruppo.<\/span><\/p>\n<p><span style=\"color: #808080;\">L\u2019impegno sar\u00e0 quello di trasformare la vostra visione in realt\u00e0, rendendo ogni evento un riflesso unico della vostra individualit\u00e0 e degli obiettivi che perseguite.<\/span><\/p>\n<p class=\"p1\" style=\"text-align: left;\">[\/et_pb_text][\/et_pb_column][et_pb_column type=&#8221;2_5&#8243; _builder_version=&#8221;4.16&#8243; global_colors_info=&#8221;{}&#8221;][et_pb_text _builder_version=&#8221;4.19.5&#8243; _module_preset=&#8221;default&#8221; text_font_size=&#8221;18px&#8221; header_font_size=&#8221;45px&#8221; min_height=&#8221;234px&#8221; custom_margin=&#8221;2px||3px|||&#8221; custom_padding=&#8221;0px||0px|||&#8221; hover_enabled=&#8221;0&#8243; global_colors_info=&#8221;{}&#8221; sticky_enabled=&#8221;0&#8243;]<\/p>\n<p class=\"p1\" style=\"text-align: left;\"><span style=\"color: #808080;\">La nostra specializzazione<\/span><\/p>\n<ul>\n<li><span style=\"color: #808080;\"><em>team building <\/em><\/span><\/li>\n<li><span style=\"color: #808080;\"><em>workshop <\/em><\/span><\/li>\n<li><span style=\"color: #808080;\"><em>laboratori creativi <\/em><\/span><\/li>\n<li><span style=\"color: #808080;\"><em>eventi aziendali <\/em><\/span><\/li>\n<li><span style=\"color: #808080;\"><em>progetti benefici <\/em><\/span><\/li>\n<li><span style=\"color: #808080;\"><em>eventi privati<\/em><\/span><\/li>\n<\/ul>\n<p>[\/et_pb_text][\/et_pb_column][\/et_pb_row][et_pb_row column_structure=&#8221;1_3,1_3,1_3&#8243; use_custom_gutter=&#8221;on&#8221; gutter_width=&#8221;1&#8243; make_equal=&#8221;on&#8221; _builder_version=&#8221;4.17.6&#8243; _module_preset=&#8221;default&#8221; background_enable_color=&#8221;off&#8221; background_image=&#8221;https:\/\/margapoticomunicazione.it\/wp-content\/uploads\/2022\/09\/jewelry-designer-54.png&#8221; background_size=&#8221;contain&#8221; background_position=&#8221;top_center&#8221; width=&#8221;100%&#8221; max_width=&#8221;100%&#8221; custom_margin=&#8221;|auto|-15px|auto||&#8221; custom_padding=&#8221;2px||0px||false|false&#8221; collapsed=&#8221;off&#8221; global_colors_info=&#8221;{}&#8221;][et_pb_column type=&#8221;1_3&#8243; _builder_version=&#8221;4.17.6&#8243; _module_preset=&#8221;default&#8221; background_color=&#8221;rgba(49,77,121,0.79)&#8221; custom_padding=&#8221;8%|4%|8%|4%|true|true&#8221; custom_padding_tablet=&#8221;|8%||8%|true|true&#8221; custom_padding_phone=&#8221;8%||8%||true|true&#8221; custom_padding_last_edited=&#8221;on|desktop&#8221; global_colors_info=&#8221;{}&#8221;][et_pb_text _builder_version=&#8221;4.17.6&#8243; _module_preset=&#8221;c16985e1-e0d6-4022-964d-e2bfc04fa633&#8243; header_font=&#8221;Bodoni Moda||||||||&#8221; header_text_color=&#8221;#FFFFFF&#8221; header_font_size=&#8221;45px&#8221; text_orientation=&#8221;center&#8221; custom_margin=&#8221;||30px||false|false&#8221; header_font_size_tablet=&#8221;60px&#8221; header_font_size_phone=&#8221;24px&#8221; header_font_size_last_edited=&#8221;on|tablet&#8221; global_colors_info=&#8221;{}&#8221;]<\/p>\n<h1>Laboratori creativi<\/h1>\n<p>[\/et_pb_text][et_pb_image src=&#8221;https:\/\/margapoticomunicazione.it\/wp-content\/uploads\/2024\/03\/GE4_0243.jpg&#8221; title_text=&#8221;GE4_0243&#8243; _builder_version=&#8221;4.19.5&#8243; _module_preset=&#8221;default&#8221; box_shadow_style=&#8221;preset1&#8243; global_colors_info=&#8221;{}&#8221;][\/et_pb_image][et_pb_text _builder_version=&#8221;4.19.5&#8243; _module_preset=&#8221;default&#8221; text_text_color=&#8221;#FFFFFF&#8221; custom_padding=&#8221;34px||0px|||&#8221; global_colors_info=&#8221;{}&#8221;]<\/p>\n<p>In un ambiente stimolante e coinvolgente per bambini e adulti, SMLAB offre esperienze personalizzate adatte a diverse occasioni, collabora con scuole, associazioni e privati. I laboratori di ceramica sono progettati per favorire la creativit\u00e0, la collaborazione e lo sviluppo delle abilit\u00e0 artistiche.<\/p>\n<p>Per le scuole e le associazioni, i laboratori si integrano con il percorso educativo, stimolando e appassionando i partecipanti. Sono adattabili e mirati a soddisfare le esigenze specifiche.<\/p>\n<p>Un&#8217;esperienza unica e memorabile nel mondo della ceramica, un ambiente inclusivo e accogliente per tutti gli appassionati di arte e apprendimento.<\/p>\n<p class=\"p1\">\n<p class=\"p1\">[\/et_pb_text][\/et_pb_column][et_pb_column type=&#8221;1_3&#8243; _builder_version=&#8221;4.17.6&#8243; _module_preset=&#8221;default&#8221; background_color=&#8221;rgba(103,110,152,0.73)&#8221; custom_padding=&#8221;8%|4%|8%|4%|true|true&#8221; custom_padding_tablet=&#8221;|8%||8%|true|true&#8221; custom_padding_phone=&#8221;8%||8%||true|true&#8221; custom_padding_last_edited=&#8221;on|desktop&#8221; global_colors_info=&#8221;{}&#8221;][et_pb_text _builder_version=&#8221;4.19.5&#8243; _module_preset=&#8221;c16985e1-e0d6-4022-964d-e2bfc04fa633&#8243; header_font=&#8221;Bodoni Moda||||||||&#8221; header_text_color=&#8221;#FFFFFF&#8221; header_font_size=&#8221;45px&#8221; text_orientation=&#8221;center&#8221; custom_margin=&#8221;||30px||false|false&#8221; header_font_size_tablet=&#8221;60px&#8221; header_font_size_phone=&#8221;24px&#8221; header_font_size_last_edited=&#8221;on|tablet&#8221; global_colors_info=&#8221;{}&#8221;]<\/p>\n<h1>Team <br \/>building<\/h1>\n<p>[\/et_pb_text][et_pb_image src=&#8221;https:\/\/margapoticomunicazione.it\/wp-content\/uploads\/2022\/09\/team-1b.jpg&#8221; title_text=&#8221;team 1b&#8221; _builder_version=&#8221;4.19.5&#8243; _module_preset=&#8221;default&#8221; box_shadow_style=&#8221;preset1&#8243; global_colors_info=&#8221;{}&#8221;][\/et_pb_image][et_pb_text _builder_version=&#8221;4.19.5&#8243; _module_preset=&#8221;default&#8221; custom_padding=&#8221;34px|||||&#8221; global_colors_info=&#8221;{}&#8221;]<\/p>\n<p><span style=\"color: #ffffff;\"> Una delle peculiarit\u00e0 di SMB \u00e8 quella di creare format originali che contribuiscano al raggiungimento degli obiettivi del cliente.<\/span><br \/><span style=\"color: #ffffff;\">Nell\u2019organizzazione di un team building le caratteristiche principali che SMB predilige sono:<\/span><\/p>\n<p>&nbsp;<\/p>\n<ul>\n<li><span style=\"color: #ffffff;\">la scelta del tipo di attivit\u00e0 (aristica, ludica, teatrale, letteraria ecc.) in cui coinvolgere i partecipanti;<\/span><\/li>\n<li><span style=\"color: #ffffff;\">la creazione di un\u2019esperienza utile innanzitutto a trasmettere valori di squadra;<\/span><\/li>\n<li><span style=\"color: #ffffff;\">la cura parallela dell\u2019espressione migliore dei valori individuali;<\/span><\/li>\n<li><span style=\"color: #ffffff;\">la fortificazione in corso d\u2019opera di un equipaggio efficace che, remando all\u2019unisono in una determinata direzione sotto la guida e il coordinamento di un team leader, sia capace di raggiungere quegli obiettivi utili all\u2019azione prescelta ma parallelamente preziosi anche nel normale contesto lavorativo.<\/span><\/li>\n<\/ul>\n<p>[\/et_pb_text][\/et_pb_column][et_pb_column type=&#8221;1_3&#8243; _builder_version=&#8221;4.17.6&#8243; _module_preset=&#8221;default&#8221; background_color=&#8221;rgba(163,163,163,0.81)&#8221; custom_padding=&#8221;8%|4%|8%|4%|true|true&#8221; custom_padding_tablet=&#8221;|8%||8%|true|true&#8221; custom_padding_phone=&#8221;8%||8%||true|true&#8221; custom_padding_last_edited=&#8221;on|desktop&#8221; global_colors_info=&#8221;{}&#8221;][et_pb_text _builder_version=&#8221;4.19.5&#8243; _module_preset=&#8221;c16985e1-e0d6-4022-964d-e2bfc04fa633&#8243; header_font=&#8221;Bodoni Moda||||||||&#8221; header_text_color=&#8221;#FFFFFF&#8221; header_font_size=&#8221;45px&#8221; text_orientation=&#8221;center&#8221; custom_margin=&#8221;||30px||false|false&#8221; header_font_size_tablet=&#8221;60px&#8221; header_font_size_phone=&#8221;24px&#8221; header_font_size_last_edited=&#8221;on|tablet&#8221; global_colors_info=&#8221;{}&#8221;]<\/p>\n<h1>Workshop creativi<\/h1>\n<p>[\/et_pb_text][et_pb_image src=&#8221;https:\/\/margapoticomunicazione.it\/wp-content\/uploads\/2022\/09\/workshop-1b.jpeg&#8221; title_text=&#8221;workshop 1b&#8221; _builder_version=&#8221;4.17.6&#8243; _module_preset=&#8221;default&#8221; box_shadow_style=&#8221;preset1&#8243; global_colors_info=&#8221;{}&#8221;][\/et_pb_image][et_pb_text _builder_version=&#8221;4.19.5&#8243; _module_preset=&#8221;default&#8221; text_text_color=&#8221;#FFFFFF&#8221; custom_padding=&#8221;34px||0px|||&#8221; global_colors_info=&#8221;{}&#8221;]<\/p>\n<p>A differenza dei team building \u2013 che si svolgono principalmente in luoghi ben strutturati e inside \u2013 le attivit\u00e0 di workshop che SMLAB organizza e propone ai clienti, presentano essenzialmente una tipologia artistica e\/o artigianale e si svolgono principalmente in outside.<\/p>\n<p>Si tratta di attivit\u00e0 residenziali o fuori sede, anche di diversi giorni, e si svolgono a stretto contatto con un artista che introduce il gruppo alla propria modalit\u00e0 creativa o di un artigiano che opera all\u2019interno del proprio laboratorio.<\/p>\n<p>La finalit\u00e0 di questa formula decisamente innovativa non \u00e8 quella di istruire i partecipanti alla disciplina praticata dall\u2019artista o dall\u2019artigiano, ma di introdurli ai segreti della creativit\u00e0 direttamente mentre questa viene elaborata, scatenando cos\u00ec aree individuali creative che potranno essere utili nel proprio normale mondo lavorativo.<\/p>\n<p>[\/et_pb_text][\/et_pb_column][\/et_pb_row][\/et_pb_section][et_pb_section fb_built=&#8221;1&#8243; _builder_version=&#8221;4.17.6&#8243; _module_preset=&#8221;default&#8221; use_background_color_gradient=&#8221;on&#8221; background_color_gradient_direction=&#8221;148deg&#8221; background_color_gradient_stops=&#8221;#ffffff 2%|#ffc73a 100%|#c68400 100%&#8221; custom_padding=&#8221;42px||46px|||&#8221; collapsed=&#8221;off&#8221; global_colors_info=&#8221;{}&#8221;][et_pb_row column_structure=&#8221;2_5,3_5&#8243; _builder_version=&#8221;4.17.6&#8243; _module_preset=&#8221;default&#8221; global_colors_info=&#8221;{}&#8221;][et_pb_column type=&#8221;2_5&#8243; _builder_version=&#8221;4.17.6&#8243; _module_preset=&#8221;default&#8221; global_colors_info=&#8221;{}&#8221;][et_pb_text _builder_version=&#8221;4.19.5&#8243; _module_preset=&#8221;c16985e1-e0d6-4022-964d-e2bfc04fa633&#8243; header_font=&#8221;Bodoni Moda||||||||&#8221; header_text_color=&#8221;#FFFFFF&#8221; header_font_size=&#8221;45px&#8221; text_orientation=&#8221;center&#8221; custom_margin=&#8221;||30px||false|false&#8221; header_font_size_tablet=&#8221;60px&#8221; header_font_size_phone=&#8221;24px&#8221; header_font_size_last_edited=&#8221;on|tablet&#8221; global_colors_info=&#8221;{}&#8221;]<\/p>\n<h1 style=\"text-align: left;\"><span style=\"color: #808080;\">Progetti benefici<\/span><\/h1>\n<p>[\/et_pb_text][et_pb_text _builder_version=&#8221;4.19.5&#8243; _module_preset=&#8221;default&#8221; text_font_size=&#8221;17px&#8221; text_line_height=&#8221;1.8em&#8221; custom_padding=&#8221;3px|||||&#8221; global_colors_info=&#8221;{}&#8221;]<\/p>\n<p class=\"p1\"><span style=\"color: #808080;\">SIMONA MARGAPOTI LAB, oltre a soddisfare le richieste dei clienti in merito all\u2019organizzazione di eventi specifici volti a promuovere le loro attivit\u00e0, svolge una progettazione autonoma rivolta al settore della beneficenza e del volontariato, proponendo alle istituzioni e alle fondazioni idee originali e articolate per sostenere persone, gruppi, valori e attivit\u00e0 che ritiene degne di sostegno disinteressato.<\/span><\/p>\n<p>[\/et_pb_text][\/et_pb_column][et_pb_column type=&#8221;3_5&#8243; _builder_version=&#8221;4.17.6&#8243; _module_preset=&#8221;default&#8221; global_colors_info=&#8221;{}&#8221;][et_pb_image src=&#8221;https:\/\/margapoticomunicazione.it\/wp-content\/uploads\/2022\/09\/location_2b.jpeg&#8221; title_text=&#8221;location_2b&#8221; align=&#8221;center&#8221; _builder_version=&#8221;4.17.6&#8243; _module_preset=&#8221;default&#8221; custom_margin=&#8221;-4px|||||&#8221; global_colors_info=&#8221;{}&#8221;][\/et_pb_image][\/et_pb_column][\/et_pb_row][\/et_pb_section]<\/p>\n","protected":false},"excerpt":{"rendered":"<p>Organizzazione di eventi originali e creativi \u00a0Benvenuti nella cornice di eventi creativi, dove l&#8217;arte e la creativit\u00e0 si fondono per ispirare momenti indimenticabili. SMLAB \u00e8 il vostro partner ideale per un&#8217;esperienza unica, offrendo una gamma diversificata di eventi creativi che spaziano dai team building artistici ai workshop e laboratori creativi, fino a eventi benefici e [&hellip;]<\/p>\n","protected":false},"author":1,"featured_media":0,"parent":0,"menu_order":0,"comment_status":"closed","ping_status":"closed","template":"","meta":{"_et_pb_use_builder":"on","_et_pb_old_content":"","_et_gb_content_width":""},"_links":{"self":[{"href":"https:\/\/simonamargapotilab.it\/index.php\/wp-json\/wp\/v2\/pages\/480"}],"collection":[{"href":"https:\/\/simonamargapotilab.it\/index.php\/wp-json\/wp\/v2\/pages"}],"about":[{"href":"https:\/\/simonamargapotilab.it\/index.php\/wp-json\/wp\/v2\/types\/page"}],"author":[{"embeddable":true,"href":"https:\/\/simonamargapotilab.it\/index.php\/wp-json\/wp\/v2\/users\/1"}],"replies":[{"embeddable":true,"href":"https:\/\/simonamargapotilab.it\/index.php\/wp-json\/wp\/v2\/comments?post=480"}],"version-history":[{"count":85,"href":"https:\/\/simonamargapotilab.it\/index.php\/wp-json\/wp\/v2\/pages\/480\/revisions"}],"predecessor-version":[{"id":1548,"href":"https:\/\/simonamargapotilab.it\/index.php\/wp-json\/wp\/v2\/pages\/480\/revisions\/1548"}],"wp:attachment":[{"href":"https:\/\/simonamargapotilab.it\/index.php\/wp-json\/wp\/v2\/media?parent=480"}],"curies":[{"name":"wp","href":"https:\/\/api.w.org\/{rel}","templated":true}]}}